{"id":7793,"date":"2023-06-18T21:53:55","date_gmt":"2023-06-18T19:53:55","guid":{"rendered":"https:\/\/inadivina.com\/?page_id=7793"},"modified":"2023-06-18T21:53:55","modified_gmt":"2023-06-18T19:53:55","slug":"high-class-escort-schiphol","status":"publish","type":"page","link":"https:\/\/inadivina.com\/nl\/escort\/high-class-escort-schiphol","title":{"rendered":"High Class Escort Schiphol"},"content":{"rendered":"\r\n<div>\r\n<div>\r\n<div><a class=\"wp-block-button__link\" href=\"https:\/\/inadivina.com\/nl\/arrange-date\">Boek nu<\/a>\u00a0 \u00a0\u00a0<a class=\"wp-block-button__link\" href=\"https:\/\/inadivina.com\/nl\/about\">Meer over Ina Divina<\/a><\/div>\r\n<\/div>\r\n<\/div>\r\n<p>&nbsp;<\/p>\r\n<p>&nbsp;<\/p>\r\n<h1>High Class Escort Schiphol van Ina Divina<\/h1>\r\n<p>&nbsp;<\/p>\r\n<p>Deze avond kan helemaal om jou draaien. Een avond, waarbij \u00e9\u00e9n van onze premium high class escorts al haar aandacht aan jou geeft. Nodig jouw high-class escort op Schiphol uit, in \u00e9\u00e9n van de mooie vluchthaven hotels. <a href=\"https:\/\/inadivina.com\/nl\">Ina Divina<\/a> weet hoe jou een onvergetelijke avond te bezorgen. Jouw <strong>high class escort Schiphol<\/strong> zal je volledig laten ontspannen, voordat je een lange vlucht tegemoet gaat. Het is spannend, speciaal en opwindend om een van onze high-class escorts op Schiphol te ontmoeten. Als <a href=\"https:\/\/inadivina.com\/nl\/escort\/high-class-escort\">high class escort<\/a> heet je bij ons <a href=\"https:\/\/inadivina.com\/nl\/divinas\">Divina<\/a><u>\u2019s<\/u>, omdat het \u2018divine ones\u2019 zijn.<\/p>\r\n<p>&nbsp;<\/p>\r\n<p><img decoding=\"async\" class=\"alignnone size-medium wp-image-7794\" src=\"https:\/\/dev.inadivina.com\/staging\/web\/wp\/app\/uploads\/2023\/06\/04-About-min-200x300.jpg\" alt=\"high class escort schiphol\" width=\"200\" height=\"300\" srcset=\"https:\/\/inadivina.com\/app\/uploads\/2023\/06\/04-About-min-200x300.jpg 200w, https:\/\/inadivina.com\/app\/uploads\/2023\/06\/04-About-min-683x1024.jpg 683w, https:\/\/inadivina.com\/app\/uploads\/2023\/06\/04-About-min-768x1152.jpg 768w, https:\/\/inadivina.com\/app\/uploads\/2023\/06\/04-About-min-1024x1536.jpg 1024w, https:\/\/inadivina.com\/app\/uploads\/2023\/06\/04-About-min-1365x2048.jpg 1365w, https:\/\/inadivina.com\/app\/uploads\/2023\/06\/04-About-min.jpg 1600w\" sizes=\"(max-width: 200px) 100vw, 200px\" \/><\/p>\r\n<p>&nbsp;<\/p>\r\n<h2>High Class Escort Service Ina Divina<\/h2>\r\n<p>Als je een date met een high-class escort op Schiphol hebt, is het of je wakker wordt in een droom die werkelijkheid geworden is. Op magische wijze ben je in je scherm gegleden, terwijl je naar een erotische film keek. Het zien en ervaren van jouw high class escort Schiphol is zo mooi, je kunt bijna niet geloven dat het echt is. Zo intiem samen zijn met \u00e9\u00e9n van onze premium high-class escorts is zoet, het voelt bijna onwerkelijk. Bij <strong>high class escort service<\/strong> Ina Divina worden meerdere high end <a href=\"https:\/\/inadivina.com\/nl\/experiences\">Experiences<\/a> aangeboden. Voor de BDSM liefhebbers hebben wij <a href=\"https:\/\/inadivina.com\/nl\/archives\/experience\/eccentric-services\">Eccentric Services<\/a>, en voor de mannen met een voeten fetish bieden we <a href=\"https:\/\/inadivina.com\/nl\/archives\/experience\/seductive-feet\">Seductive Feet<\/a> aan.<\/p>\r\n<p>&nbsp;<\/p>\r\n<p><img decoding=\"async\" class=\"alignnone size-medium wp-image-7796\" src=\"https:\/\/dev.inadivina.com\/staging\/web\/wp\/app\/uploads\/2023\/06\/03-About-min-200x300.jpg\" alt=\"high class escort schiphol\" width=\"200\" height=\"300\" srcset=\"https:\/\/inadivina.com\/app\/uploads\/2023\/06\/03-About-min-200x300.jpg 200w, https:\/\/inadivina.com\/app\/uploads\/2023\/06\/03-About-min-683x1024.jpg 683w, https:\/\/inadivina.com\/app\/uploads\/2023\/06\/03-About-min-768x1152.jpg 768w, https:\/\/inadivina.com\/app\/uploads\/2023\/06\/03-About-min-1024x1536.jpg 1024w, https:\/\/inadivina.com\/app\/uploads\/2023\/06\/03-About-min-1365x2048.jpg 1365w, https:\/\/inadivina.com\/app\/uploads\/2023\/06\/03-About-min.jpg 1600w\" sizes=\"(max-width: 200px) 100vw, 200px\" \/><\/p>\r\n<p>&nbsp;<\/p>\r\n<h2>Ina Divina\u2019s High-Class Escort<\/h2>\r\n<p>Bij Ina Divina date je niet zo maar een <strong>high class escort<\/strong>, maar een ware, elite high-class escort. Eentje, waarbij de realiteit toch surrealistisch voelt. <a href=\"https:\/\/inadivina.com\/nl\/arrange-date\">Plan jouw date<\/a> en voel de lichte tinteling van opwinding en anticipatie terwijl ze jullie glazen champagne aan het inschenken is. High-class escorts op Schiphol van high class escortbureau Ina Divina willen graag zo veel mogelijk van en met je genieten. Je begint de bubbels te voelen, wat de initi\u00eble golf van spanning en adrenaline wat verzacht. Precies wanneer je je meer en meer ontspannen begint te voelen, zal jouw high class escort Schiphol het initiatief nemen. Wil jij juist de rol van deze high class escort bekleden? Als je denkt dat dit goed bij jou zou passen, kun je een <a href=\"https:\/\/inadivina.com\/nl\/escort\/high-class-escort-worden\">high class escort worden<\/a>.<\/p>\r\n<p>&nbsp;<\/p>\r\n<h2>Contact, boek High Class Escort Schiphol<\/h2>\r\n<p><a href=\"https:\/\/inadivina.com\/nl\/arrange-date\">Boek nu direct<\/a> \u00e9\u00e9n van onze high-class escorts op Schiphol en maak je klaar voor een heerlijke date. Een avond of nacht die je de rest van je leven zult herinneren. Kies ervoor een premium high class escort te ontmoeten op de avond dat je landt, zodat je je weer heerlijk kunt opladen na een vermoeiende vlucht. Of nodig een high-class escort op Schiphol uit de avond voordat je gaat vliegen, om met nieuwe energie aan de reis te beginnen. Bezoek onze <a href=\"https:\/\/inadivina.com\/contact\">contactpagina<\/a> om ons te kunnen bereiken. Dit kan via WhatsApp, e-mail, telefonisch en via het contactformulier.<\/p>\r\n<p>&nbsp;<\/p>\r\n<p><img decoding=\"async\" class=\"alignnone size-medium wp-image-7798\" src=\"https:\/\/dev.inadivina.com\/staging\/web\/wp\/app\/uploads\/2023\/06\/02-DT-min-300x200.jpg\" alt=\"high class escort schiphol\" width=\"300\" height=\"200\" srcset=\"https:\/\/inadivina.com\/app\/uploads\/2023\/06\/02-DT-min-300x200.jpg 300w, https:\/\/inadivina.com\/app\/uploads\/2023\/06\/02-DT-min-1024x683.jpg 1024w, https:\/\/inadivina.com\/app\/uploads\/2023\/06\/02-DT-min-768x512.jpg 768w, https:\/\/inadivina.com\/app\/uploads\/2023\/06\/02-DT-min-1536x1024.jpg 1536w, https:\/\/inadivina.com\/app\/uploads\/2023\/06\/02-DT-min-2048x1365.jpg 2048w\" sizes=\"(max-width: 300px) 100vw, 300px\" \/><\/p>\r\n<p>&nbsp;<\/p>\r\n<h2>Date met High Class Escort Schiphol<\/h2>\r\n<p>Onze elite high-class escorts zijn te boeken in heel <a href=\"https:\/\/inadivina.com\/nl\/escort\/high-class-escort-nederland\">Nederland<\/a>. In bijvoorbeeld de grote steden <a href=\"https:\/\/inadivina.com\/nl\/escort\/high-class-escort-amsterdam\">Amsterdam<\/a> en <a href=\"https:\/\/inadivina.com\/nl\/escort\/high-class-escort-rotterdam\">Rotterdam<\/a>, maar dus ook op luchthaven Schiphol. Ontmoet een high-class escort op Schiphol en maak je business trip of vakantie compleet. Het zal nu een ware ervaring worden waarbij je volledig uit je dagelijkse sleur komt. Je bent even helemaal weg uit je vaste kring, je bubbel. Het perfecte moment dus om \u00e9\u00e9n van onze high-class escorts op Schiphol als gezelschap te hebben.<\/p>\r\n<p>&nbsp;<\/p>\r\n<p><a class=\"wp-block-button__link\" href=\"https:\/\/inadivina.com\/nl\/arrange-date\">Boek nu<\/a>\u00a0 \u00a0\u00a0<a class=\"wp-block-button__link\" href=\"https:\/\/inadivina.com\/nl\/about\">Meer over Ina Divina<\/a><\/p>\r\n<div class=\"wp-block-button\">\u00a0<\/div>\r\n<div>\r\n<h2>Casting, solliciteren<\/h2>\r\n<p>Ben je een vrouw en voel je je geprikkeld door dit stuk over high-class escorts op Schiphol te lezen? Dat is begrijpelijk, het <a href=\"https:\/\/inadivina.com\/nl\/escort\/werken-als-high-class-escort\">werken als high class escort<\/a> is \u00e9\u00e9n van de meest voorkomende fantasie\u00ebn bij vrouwen. Een echte high end ervaring waarbij je als premium high-class escort op pad gaat. Wordt high-class escort op Schiphol en maak kennis met de bijzondere wereld. Ontmoet interessante mensen en kom op mooie plekken. Ge\u00efnteresseerd? Solliciteer dan nu op onze <a href=\"https:\/\/inadivina.com\/nl\/casting\">casting<\/a> pagina.<\/p>\r\n<\/div>\r\n","protected":false},"excerpt":{"rendered":"<p>Boek nu\u00a0 \u00a0\u00a0Meer over Ina Divina &nbsp; &nbsp; High Class Escort Schiphol van Ina Divina &nbsp; Deze avond kan helemaal om jou draaien. Een avond, waarbij \u00e9\u00e9n van onze premium high class escorts al haar aandacht aan jou geeft. Nodig jouw high-class escort op Schiphol uit, in \u00e9\u00e9n van de mooie vluchthaven hotels. Ina Divina &hellip; <a href=\"https:\/\/inadivina.com\/nl\/escort\/high-class-escort-schiphol\">Continued<\/a><\/p>\n","protected":false},"author":1,"featured_media":0,"parent":6233,"menu_order":23,"comment_status":"closed","ping_status":"closed","template":"","meta":{"_acf_changed":false,"inline_featured_image":false,"footnotes":""},"class_list":["post-7793","page","type-page","status-publish","hentry"],"acf":[],"_links":{"self":[{"href":"https:\/\/inadivina.com\/nl\/wp-json\/wp\/v2\/pages\/7793","targetHints":{"allow":["GET"]}}],"collection":[{"href":"https:\/\/inadivina.com\/nl\/wp-json\/wp\/v2\/pages"}],"about":[{"href":"https:\/\/inadivina.com\/nl\/wp-json\/wp\/v2\/types\/page"}],"author":[{"embeddable":true,"href":"https:\/\/inadivina.com\/nl\/wp-json\/wp\/v2\/users\/1"}],"replies":[{"embeddable":true,"href":"https:\/\/inadivina.com\/nl\/wp-json\/wp\/v2\/comments?post=7793"}],"version-history":[{"count":0,"href":"https:\/\/inadivina.com\/nl\/wp-json\/wp\/v2\/pages\/7793\/revisions"}],"up":[{"embeddable":true,"href":"https:\/\/inadivina.com\/nl\/wp-json\/wp\/v2\/pages\/6233"}],"wp:attachment":[{"href":"https:\/\/inadivina.com\/nl\/wp-json\/wp\/v2\/media?parent=7793"}],"curies":[{"name":"wp","href":"https:\/\/api.w.org\/{rel}","templated":true}]}}