{"id":7320,"date":"2023-01-16T13:57:25","date_gmt":"2023-01-16T12:57:25","guid":{"rendered":"https:\/\/inadivina.com\/?page_id=7320"},"modified":"2023-03-22T14:03:17","modified_gmt":"2023-03-22T13:03:17","slug":"anal","status":"publish","type":"page","link":"https:\/\/inadivina.com\/nl\/escort\/anal","title":{"rendered":"Anal Escort"},"content":{"rendered":"<h1>Anal Escort van Ina Divina<\/h1>\n<p>&nbsp;<\/p>\n<p>Anale seks met een <strong>anal escort<\/strong> van <a href=\"https:\/\/inadivina.com\/nl\">Ina Divina<\/a> kan jou en je high class escort ultiem genot brengen. Niet alle escorts houden hiervan, maar bij het meest open-minded high class <a href=\"https:\/\/inadivina.com\/nl\/escort\/escortbureau\">escortbureau<\/a> zijn altijd dames beschikbaar die van anaal houden. Afspreken met een escort anal via onze <strong>escort service<\/strong> is opwindend, stimulerend en spannend. <a href=\"https:\/\/inadivina.com\/nl\/arrange-date\">Boek nu direct<\/a> een date met jouw anal escort Amsterdam voor een heerlijke (eerste) anale ervaring. Maak er een <a href=\"https:\/\/inadivina.com\/nl\/archives\/experience\/delightful-toys\">Delightful Toys<\/a> date van en vraag of jouw anal escort haar favoriete anale speeltjes meeneemt voor extra anale stimulatie. De kans is groot dat het haar nog sneller tot haar orgasme brengt.<\/p>\n<p>&nbsp;<\/p>\n<p><img decoding=\"async\" class=\"alignnone size-medium wp-image-7322\" src=\"https:\/\/dev.inadivina.com\/staging\/web\/wp\/app\/uploads\/2023\/01\/03-DT-min-300x200.jpg\" alt=\"anal escort\" width=\"300\" height=\"200\" srcset=\"https:\/\/inadivina.com\/app\/uploads\/2023\/01\/03-DT-min-300x200.jpg 300w, https:\/\/inadivina.com\/app\/uploads\/2023\/01\/03-DT-min-1024x683.jpg 1024w, https:\/\/inadivina.com\/app\/uploads\/2023\/01\/03-DT-min-768x512.jpg 768w, https:\/\/inadivina.com\/app\/uploads\/2023\/01\/03-DT-min-1536x1024.jpg 1536w, https:\/\/inadivina.com\/app\/uploads\/2023\/01\/03-DT-min-2048x1365.jpg 2048w\" sizes=\"(max-width: 300px) 100vw, 300px\" \/><\/p>\n<p>&nbsp;<\/p>\n<h2>Anal escort Amsterdam<\/h2>\n<p>Laat je verleiden door onze anal escorts Amsterdam. Anaal penetreren is intiem, kwetsbaar en speciaal. Een <a href=\"https:\/\/inadivina.com\/nl\/escort\/high-class-escort\">high class escort<\/a> laat dit niet zomaar toe. Ze moet ontspannen en opgewonden zijn. Gebruik een anaal speeltje, je vingers en veel spuug, spit en glijmiddel om haar op te warmen. Je kunt samen met jouw <strong>high class escort<\/strong> anal ook kiezen voor een rollenspel. Zij speelt een <a href=\"https:\/\/inadivina.com\/nl\/escort\/studenten\">studenten escort<\/a> die nog nooit a-level (anaal) heeft geprobeerd. Als haar mentor zou je het haar graag laten ervaren. Of kies voor een <a href=\"https:\/\/inadivina.com\/nl\/archives\/experience\/enchanting-duo\">Enchanting Duo<\/a> date waarbij je met beide anal escorts Amsterdam kunt genieten van a-levels (anale seks). Kijk ook toe hoe de escorts elkaar anaal stimuleren.<\/p>\n<p>&nbsp;<\/p>\n<h2>Ina Divina\u2019s escort Anal<\/h2>\n<p>Anaal bij de man is natuurlijk ook mogelijk. Geniet van een prostaatmassage die jouw <a href=\"https:\/\/inadivina.com\/nl\/escort\">escort<\/a> je geeft. De toevoeging van de stimulatie bij je prostaat maakt je orgasme nog intenser. Ze kan ook haar strap-on meenemen, haar voorbinddildo, om je te peggen (pegging). Denk hierbij aan de kinky, BDSM <a href=\"https:\/\/inadivina.com\/nl\/experiences\">Experiences<\/a>. Een <a href=\"https:\/\/inadivina.com\/nl\/escort\/bdsm\">bdsm escort<\/a> kan je hierbij domineren, of juist onderdanig zijn. Anal escort kan een perfect onderdeel van een sm spel zijn. Zij is je meesteres, je Domina, en stelt zich sterk en dominant aan je op. Of je kiest een van onze <a href=\"https:\/\/inadivina.com\/nl\/divinas\">Divina<\/a><u>\u2019s<\/u> die liever de onderdanige is, jouw sub.<\/p>\n<p>&nbsp;<\/p>\n<p><img decoding=\"async\" class=\"alignnone size-medium wp-image-7326\" src=\"https:\/\/dev.inadivina.com\/staging\/web\/wp\/app\/uploads\/2023\/01\/03-Tess-min-191x300.jpg\" alt=\"anal escort\" width=\"191\" height=\"300\" srcset=\"https:\/\/inadivina.com\/app\/uploads\/2023\/01\/03-Tess-min-191x300.jpg 191w, https:\/\/inadivina.com\/app\/uploads\/2023\/01\/03-Tess-min-651x1024.jpg 651w, https:\/\/inadivina.com\/app\/uploads\/2023\/01\/03-Tess-min-768x1208.jpg 768w, https:\/\/inadivina.com\/app\/uploads\/2023\/01\/03-Tess-min-976x1536.jpg 976w, https:\/\/inadivina.com\/app\/uploads\/2023\/01\/03-Tess-min-1302x2048.jpg 1302w, https:\/\/inadivina.com\/app\/uploads\/2023\/01\/03-Tess-min.jpg 1525w\" sizes=\"(max-width: 191px) 100vw, 191px\" \/><\/p>\n<p>&nbsp;<\/p>\n<h2>Open-minded Anal escorts Amsterdam<\/h2>\n<p>Een echte escort anal is open-minded, gewillig en geil. Anale seks is niet voor niets \u00e9\u00e9n van de meest voorkomende wensen of fantasie\u00ebn. Niet alle high class escorts staan er voor open, laat staan vrouwen die je in het dagelijks leven tegenkomt. Het afspreken met een anal escort om dit te ervaren is dus een heel goede manier om anale seks, a-level, met een dame te kunnen beleven. <a href=\"https:\/\/inadivina.com\/nl\/arrange-date\">Plan jouw date<\/a> met jouw escort anaal en ontdek meer op het gebied van de mogelijkheden van seks en seksueel genot. Doe het voorzichtig en warm je escort anal altijd goed op, dan kan het voor jullie beide een fantastische seksuele en intieme ontmoeting zijn die jullie beiden niet zomaar zullen vergeten.<\/p>\n<p>&nbsp;<\/p>\n<h2>Anal Pornstar experience<\/h2>\n<p>Voor de high class escorts anal die meer ervaring hebben met a-levels, anale seks, kan het een ware Pornstar experience worden. Voor sommige anal escorts Amsterdam is anaal een fetish, fetisj, ze kunnen er geen genoeg van krijgen. Geef haar anale stimulatie met je vingers, anale speeltjes, je tong en laat haar uiteindelijk genieten van daadwerkelijke anale penetratie. Zie hoe ze er van geniet en er helemaal in op kan gaan. Het gevoel is lekker en het idee is opwindend. Met een anal escort die er zo in staat, kan het een echte escort anal pornstar experience worden.<\/p>\n<p>&nbsp;<\/p>\n<p><img decoding=\"async\" class=\"alignnone size-medium wp-image-7328\" src=\"https:\/\/dev.inadivina.com\/staging\/web\/wp\/app\/uploads\/2023\/01\/04-WP-min-kopie-300x180.jpg\" alt=\"anal escort\" width=\"300\" height=\"180\" srcset=\"https:\/\/inadivina.com\/app\/uploads\/2023\/01\/04-WP-min-kopie-300x180.jpg 300w, https:\/\/inadivina.com\/app\/uploads\/2023\/01\/04-WP-min-kopie-1024x614.jpg 1024w, https:\/\/inadivina.com\/app\/uploads\/2023\/01\/04-WP-min-kopie-768x461.jpg 768w, https:\/\/inadivina.com\/app\/uploads\/2023\/01\/04-WP-min-kopie-1536x922.jpg 1536w, https:\/\/inadivina.com\/app\/uploads\/2023\/01\/04-WP-min-kopie-2048x1229.jpg 2048w\" sizes=\"(max-width: 300px) 100vw, 300px\" \/><\/p>\n<p>&nbsp;<\/p>\n<h2>Contact<\/h2>\n<p>Is je interesse aangewakkerd en geprikkeld om via onze <a href=\"https:\/\/inadivina.com\/contact\">contactpagina<\/a> een date in te plannen met jouw eigen anal escorts Amsterdam? Naast Amsterdam kun je met jouw escort anal afspreken in heel Nederland, zo ook in <a href=\"https:\/\/inadivina.com\/nl\/escort\/hilversum\">Hilversum<\/a>of in <a href=\"https:\/\/inadivina.com\/nl\/escort\/almere\">Almere<\/a>. Ina Divina staat voor openheid, open-minded en taboe omarmend. Wij hebben een plek gecre\u00eberd waar je helemaal jezelf kunt zijn en je voor geen enkele fantasie of wens hoeft te schamen. Wacht dus niet langer en bel of mail ons om een afspraak in te plannen met jouw anal escort anaal.<\/p>\n","protected":false},"excerpt":{"rendered":"<p>Anal Escort van Ina Divina &nbsp; Anale seks met een anal escort van Ina Divina kan jou en je high class escort ultiem genot brengen. Niet alle escorts houden hiervan, maar bij het meest open-minded high class escortbureau zijn altijd dames beschikbaar die van anaal houden. Afspreken met een escort anal via onze escort service &hellip; <a href=\"https:\/\/inadivina.com\/nl\/escort\/anal\">Continued<\/a><\/p>\n","protected":false},"author":1,"featured_media":0,"parent":6233,"menu_order":1,"comment_status":"closed","ping_status":"closed","template":"","meta":{"_acf_changed":false,"inline_featured_image":false,"footnotes":""},"class_list":["post-7320","page","type-page","status-publish","hentry"],"acf":[],"_links":{"self":[{"href":"https:\/\/inadivina.com\/nl\/wp-json\/wp\/v2\/pages\/7320","targetHints":{"allow":["GET"]}}],"collection":[{"href":"https:\/\/inadivina.com\/nl\/wp-json\/wp\/v2\/pages"}],"about":[{"href":"https:\/\/inadivina.com\/nl\/wp-json\/wp\/v2\/types\/page"}],"author":[{"embeddable":true,"href":"https:\/\/inadivina.com\/nl\/wp-json\/wp\/v2\/users\/1"}],"replies":[{"embeddable":true,"href":"https:\/\/inadivina.com\/nl\/wp-json\/wp\/v2\/comments?post=7320"}],"version-history":[{"count":0,"href":"https:\/\/inadivina.com\/nl\/wp-json\/wp\/v2\/pages\/7320\/revisions"}],"up":[{"embeddable":true,"href":"https:\/\/inadivina.com\/nl\/wp-json\/wp\/v2\/pages\/6233"}],"wp:attachment":[{"href":"https:\/\/inadivina.com\/nl\/wp-json\/wp\/v2\/media?parent=7320"}],"curies":[{"name":"wp","href":"https:\/\/api.w.org\/{rel}","templated":true}]}}